{"id":477,"date":"2024-07-26T09:52:17","date_gmt":"2024-07-26T06:52:17","guid":{"rendered":"https:\/\/ikincielbuzdolabi.ucuzspotcu.com\/satis\/?post_type=product&#038;p=477"},"modified":"2024-07-26T09:52:17","modified_gmt":"2024-07-26T06:52:17","slug":"karavan-ve-araca-uyumlu-buzdolabi-temiz-durumda-saglam-ve-kaliteli","status":"publish","type":"product","link":"https:\/\/ikincielbuzdolabi.ucuzspotcu.com\/satis\/urun\/karavan-ve-araca-uyumlu-buzdolabi-temiz-durumda-saglam-ve-kaliteli\/","title":{"rendered":"Karavan ve araca uyumlu buzdolab\u0131 temiz durumda sa\u011flam ve kaliteli"},"content":{"rendered":"<p><img loading=\"lazy\" decoding=\"async\" class=\"aligncenter size-full wp-image-478\" src=\"https:\/\/ikincielbuzdolabi.ucuzspotcu.com\/satis\/wp-content\/uploads\/2024\/07\/Evkaravan-ve-araca-uyumlu-buzdolabi-2.png\" alt=\"\" width=\"850\" height=\"631\" title=\"\" srcset=\"https:\/\/ikincielbuzdolabi.ucuzspotcu.com\/satis\/wp-content\/uploads\/2024\/07\/Evkaravan-ve-araca-uyumlu-buzdolabi-2.png 850w, https:\/\/ikincielbuzdolabi.ucuzspotcu.com\/satis\/wp-content\/uploads\/2024\/07\/Evkaravan-ve-araca-uyumlu-buzdolabi-2-300x223.png 300w, https:\/\/ikincielbuzdolabi.ucuzspotcu.com\/satis\/wp-content\/uploads\/2024\/07\/Evkaravan-ve-araca-uyumlu-buzdolabi-2-768x570.png 768w, https:\/\/ikincielbuzdolabi.ucuzspotcu.com\/satis\/wp-content\/uploads\/2024\/07\/Evkaravan-ve-araca-uyumlu-buzdolabi-2-160x120.png 160w, https:\/\/ikincielbuzdolabi.ucuzspotcu.com\/satis\/wp-content\/uploads\/2024\/07\/Evkaravan-ve-araca-uyumlu-buzdolabi-2-600x445.png 600w\" sizes=\"auto, (max-width: 850px) 100vw, 850px\" \/> <img loading=\"lazy\" decoding=\"async\" class=\"aligncenter size-full wp-image-479\" src=\"https:\/\/ikincielbuzdolabi.ucuzspotcu.com\/satis\/wp-content\/uploads\/2024\/07\/Evkaravan-ve-araca-uyumlu-buzdolabi-1.png\" alt=\"\" width=\"1035\" height=\"615\" title=\"\" srcset=\"https:\/\/ikincielbuzdolabi.ucuzspotcu.com\/satis\/wp-content\/uploads\/2024\/07\/Evkaravan-ve-araca-uyumlu-buzdolabi-1.png 1035w, https:\/\/ikincielbuzdolabi.ucuzspotcu.com\/satis\/wp-content\/uploads\/2024\/07\/Evkaravan-ve-araca-uyumlu-buzdolabi-1-300x178.png 300w, https:\/\/ikincielbuzdolabi.ucuzspotcu.com\/satis\/wp-content\/uploads\/2024\/07\/Evkaravan-ve-araca-uyumlu-buzdolabi-1-1024x608.png 1024w, https:\/\/ikincielbuzdolabi.ucuzspotcu.com\/satis\/wp-content\/uploads\/2024\/07\/Evkaravan-ve-araca-uyumlu-buzdolabi-1-768x456.png 768w, https:\/\/ikincielbuzdolabi.ucuzspotcu.com\/satis\/wp-content\/uploads\/2024\/07\/Evkaravan-ve-araca-uyumlu-buzdolabi-1-600x357.png 600w\" sizes=\"auto, (max-width: 1035px) 100vw, 1035px\" \/><\/p>\n","protected":false},"excerpt":{"rendered":"<p>Karavan ve araca uyumlu buzdolab\u0131 Karavan Buzdolab\u0131 modelleri ile arad\u0131\u011f\u0131n yeni sezon \u00fcr\u00fcnleri sevdi\u011fin markalarla Karavan i\u00e7in hangi buzdolab\u0131?<br \/>\n Karavan Buzdolab\u0131 \u00e7e\u015fitlerini indirimli Buzdolab\u0131\/So\u011futucu ; Dometic Tropicool TCX21 &#8211; 20L 12v,24v,220v Termoelektrik Ta\u015f\u0131nabilir Karavan Buzdolab\u0131  fiyatlarla almak i\u00e7in<\/p>\n","protected":false},"featured_media":478,"template":"","meta":[],"product_brand":[],"product_cat":[30],"product_tag":[42],"class_list":{"0":"post-477","1":"product","2":"type-product","3":"status-publish","4":"has-post-thumbnail","6":"product_cat-ikinci-el-beyaz-esya","7":"product_tag-ikinci-el-arac-buzdolabi","9":"first","10":"instock","11":"sale","12":"shipping-taxable","13":"purchasable","14":"product-type-simple"},"_links":{"self":[{"href":"https:\/\/ikincielbuzdolabi.ucuzspotcu.com\/satis\/wp-json\/wp\/v2\/product\/477","targetHints":{"allow":["GET"]}}],"collection":[{"href":"https:\/\/ikincielbuzdolabi.ucuzspotcu.com\/satis\/wp-json\/wp\/v2\/product"}],"about":[{"href":"https:\/\/ikincielbuzdolabi.ucuzspotcu.com\/satis\/wp-json\/wp\/v2\/types\/product"}],"wp:featuredmedia":[{"embeddable":true,"href":"https:\/\/ikincielbuzdolabi.ucuzspotcu.com\/satis\/wp-json\/wp\/v2\/media\/478"}],"wp:attachment":[{"href":"https:\/\/ikincielbuzdolabi.ucuzspotcu.com\/satis\/wp-json\/wp\/v2\/media?parent=477"}],"wp:term":[{"taxonomy":"product_brand","embeddable":true,"href":"https:\/\/ikincielbuzdolabi.ucuzspotcu.com\/satis\/wp-json\/wp\/v2\/product_brand?post=477"},{"taxonomy":"product_cat","embeddable":true,"href":"https:\/\/ikincielbuzdolabi.ucuzspotcu.com\/satis\/wp-json\/wp\/v2\/product_cat?post=477"},{"taxonomy":"product_tag","embeddable":true,"href":"https:\/\/ikincielbuzdolabi.ucuzspotcu.com\/satis\/wp-json\/wp\/v2\/product_tag?post=477"}],"curies":[{"name":"wp","href":"https:\/\/api.w.org\/{rel}","templated":true}]}}