{"id":486,"date":"2024-08-03T10:45:55","date_gmt":"2024-08-03T07:45:55","guid":{"rendered":"https:\/\/ikincielbuzdolabi.ucuzspotcu.com\/satis\/?post_type=product&#038;p=486"},"modified":"2024-08-03T10:45:55","modified_gmt":"2024-08-03T07:45:55","slug":"hotpoint-retro-buzdolabi-renkli-gardrop-tipi-buzdolabi","status":"publish","type":"product","link":"https:\/\/ikincielbuzdolabi.ucuzspotcu.com\/satis\/urun\/hotpoint-retro-buzdolabi-renkli-gardrop-tipi-buzdolabi\/","title":{"rendered":"Hotpoint retro buzdolab\u0131 renkli gardrop tipi buzdolab\u0131"},"content":{"rendered":"<p><img loading=\"lazy\" decoding=\"async\" src=\"https:\/\/ikincielbuzdolabi.ucuzspotcu.com\/satis\/wp-content\/uploads\/2024\/08\/Hotpoint-retro-buzdolabi-renkli-gardrop-tipi-2.png\" alt=\"\" width=\"767\" height=\"630\" class=\"aligncenter size-full wp-image-487\" title=\"\" srcset=\"https:\/\/ikincielbuzdolabi.ucuzspotcu.com\/satis\/wp-content\/uploads\/2024\/08\/Hotpoint-retro-buzdolabi-renkli-gardrop-tipi-2.png 767w, https:\/\/ikincielbuzdolabi.ucuzspotcu.com\/satis\/wp-content\/uploads\/2024\/08\/Hotpoint-retro-buzdolabi-renkli-gardrop-tipi-2-300x246.png 300w, https:\/\/ikincielbuzdolabi.ucuzspotcu.com\/satis\/wp-content\/uploads\/2024\/08\/Hotpoint-retro-buzdolabi-renkli-gardrop-tipi-2-600x493.png 600w\" sizes=\"auto, (max-width: 767px) 100vw, 767px\" \/><\/p>\n<p><img loading=\"lazy\" decoding=\"async\" src=\"https:\/\/ikincielbuzdolabi.ucuzspotcu.com\/satis\/wp-content\/uploads\/2024\/08\/Hotpoint-retro-buzdolabi-renkli-gardrop-tipi-3.png\" alt=\"\" width=\"728\" height=\"625\" class=\"aligncenter size-full wp-image-488\" title=\"\" srcset=\"https:\/\/ikincielbuzdolabi.ucuzspotcu.com\/satis\/wp-content\/uploads\/2024\/08\/Hotpoint-retro-buzdolabi-renkli-gardrop-tipi-3.png 728w, https:\/\/ikincielbuzdolabi.ucuzspotcu.com\/satis\/wp-content\/uploads\/2024\/08\/Hotpoint-retro-buzdolabi-renkli-gardrop-tipi-3-300x258.png 300w, https:\/\/ikincielbuzdolabi.ucuzspotcu.com\/satis\/wp-content\/uploads\/2024\/08\/Hotpoint-retro-buzdolabi-renkli-gardrop-tipi-3-600x515.png 600w\" sizes=\"auto, (max-width: 728px) 100vw, 728px\" \/><\/p>\n<p><img loading=\"lazy\" decoding=\"async\" src=\"https:\/\/ikincielbuzdolabi.ucuzspotcu.com\/satis\/wp-content\/uploads\/2024\/08\/Hotpoint-retro-buzdolabi-renkli-gardrop-tipi-1.png\" alt=\"\" width=\"698\" height=\"635\" class=\"aligncenter size-full wp-image-489\" title=\"\" srcset=\"https:\/\/ikincielbuzdolabi.ucuzspotcu.com\/satis\/wp-content\/uploads\/2024\/08\/Hotpoint-retro-buzdolabi-renkli-gardrop-tipi-1.png 698w, https:\/\/ikincielbuzdolabi.ucuzspotcu.com\/satis\/wp-content\/uploads\/2024\/08\/Hotpoint-retro-buzdolabi-renkli-gardrop-tipi-1-300x273.png 300w, https:\/\/ikincielbuzdolabi.ucuzspotcu.com\/satis\/wp-content\/uploads\/2024\/08\/Hotpoint-retro-buzdolabi-renkli-gardrop-tipi-1-600x546.png 600w\" sizes=\"auto, (max-width: 698px) 100vw, 698px\" \/><\/p>\n","protected":false},"excerpt":{"rendered":"<p>Hotpoint retro buzdolab\u0131 renkli gardrop tipi Retro hotpoint ariston buzdolab\u0131 no-frost<br \/>\nAriston Buzdolab\u0131 eski Modelleri tasar\u0131m sevenler i\u00e7in Ariston&#8217;un \u00f6zel retro buzdolab\u0131 modelleri bulunmaktad\u0131r. Bu modeller, eski zamanlar\u0131n Frost Free Teknolojili Vestel Buzdolab\u0131 Modelleri ile Kokular Birbirine Kar\u0131\u015fmaz! tarz\u0131n\u0131 modern teknoloji ile birle\u015ftirerek<\/p>\n","protected":false},"featured_media":487,"template":"","meta":[],"product_brand":[],"product_cat":[30,15],"product_tag":[37],"class_list":{"0":"post-486","1":"product","2":"type-product","3":"status-publish","4":"has-post-thumbnail","6":"product_cat-ikinci-el-beyaz-esya","7":"product_cat-ikinci-el-esya","8":"product_tag-ikinci-el-buzdolabi","10":"first","11":"instock","12":"sale","13":"shipping-taxable","14":"purchasable","15":"product-type-simple"},"_links":{"self":[{"href":"https:\/\/ikincielbuzdolabi.ucuzspotcu.com\/satis\/wp-json\/wp\/v2\/product\/486","targetHints":{"allow":["GET"]}}],"collection":[{"href":"https:\/\/ikincielbuzdolabi.ucuzspotcu.com\/satis\/wp-json\/wp\/v2\/product"}],"about":[{"href":"https:\/\/ikincielbuzdolabi.ucuzspotcu.com\/satis\/wp-json\/wp\/v2\/types\/product"}],"wp:featuredmedia":[{"embeddable":true,"href":"https:\/\/ikincielbuzdolabi.ucuzspotcu.com\/satis\/wp-json\/wp\/v2\/media\/487"}],"wp:attachment":[{"href":"https:\/\/ikincielbuzdolabi.ucuzspotcu.com\/satis\/wp-json\/wp\/v2\/media?parent=486"}],"wp:term":[{"taxonomy":"product_brand","embeddable":true,"href":"https:\/\/ikincielbuzdolabi.ucuzspotcu.com\/satis\/wp-json\/wp\/v2\/product_brand?post=486"},{"taxonomy":"product_cat","embeddable":true,"href":"https:\/\/ikincielbuzdolabi.ucuzspotcu.com\/satis\/wp-json\/wp\/v2\/product_cat?post=486"},{"taxonomy":"product_tag","embeddable":true,"href":"https:\/\/ikincielbuzdolabi.ucuzspotcu.com\/satis\/wp-json\/wp\/v2\/product_tag?post=486"}],"curies":[{"name":"wp","href":"https:\/\/api.w.org\/{rel}","templated":true}]}}