{"id":499,"date":"2024-08-20T09:20:31","date_gmt":"2024-08-20T06:20:31","guid":{"rendered":"https:\/\/ikincielbuzdolabi.ucuzspotcu.com\/satis\/?post_type=product&#038;p=499"},"modified":"2024-08-20T09:20:31","modified_gmt":"2024-08-20T06:20:31","slug":"indesit-buro-tipi-calisir-temiz-mini-buzdolabi","status":"publish","type":"product","link":"https:\/\/ikincielbuzdolabi.ucuzspotcu.com\/satis\/urun\/indesit-buro-tipi-calisir-temiz-mini-buzdolabi\/","title":{"rendered":"INDESIT BURO TIPI CALISIR TEMIZ MINI BUZDOLABI"},"content":{"rendered":"<p><img loading=\"lazy\" decoding=\"async\" class=\"aligncenter size-full wp-image-500\" src=\"https:\/\/ikincielbuzdolabi.ucuzspotcu.com\/satis\/wp-content\/uploads\/2024\/08\/INDESIT-BURO-TIPI-MINI-BUZDOLABI-1.png\" alt=\"\" width=\"770\" height=\"632\" title=\"\" srcset=\"https:\/\/ikincielbuzdolabi.ucuzspotcu.com\/satis\/wp-content\/uploads\/2024\/08\/INDESIT-BURO-TIPI-MINI-BUZDOLABI-1.png 770w, https:\/\/ikincielbuzdolabi.ucuzspotcu.com\/satis\/wp-content\/uploads\/2024\/08\/INDESIT-BURO-TIPI-MINI-BUZDOLABI-1-300x246.png 300w, https:\/\/ikincielbuzdolabi.ucuzspotcu.com\/satis\/wp-content\/uploads\/2024\/08\/INDESIT-BURO-TIPI-MINI-BUZDOLABI-1-768x630.png 768w, https:\/\/ikincielbuzdolabi.ucuzspotcu.com\/satis\/wp-content\/uploads\/2024\/08\/INDESIT-BURO-TIPI-MINI-BUZDOLABI-1-600x492.png 600w\" sizes=\"auto, (max-width: 770px) 100vw, 770px\" \/> <img loading=\"lazy\" decoding=\"async\" class=\"aligncenter size-full wp-image-501\" src=\"https:\/\/ikincielbuzdolabi.ucuzspotcu.com\/satis\/wp-content\/uploads\/2024\/08\/INDESIT-BURO-TIPI-MINI-BUZDOLABI-2.png\" alt=\"\" width=\"774\" height=\"580\" title=\"\" srcset=\"https:\/\/ikincielbuzdolabi.ucuzspotcu.com\/satis\/wp-content\/uploads\/2024\/08\/INDESIT-BURO-TIPI-MINI-BUZDOLABI-2.png 774w, https:\/\/ikincielbuzdolabi.ucuzspotcu.com\/satis\/wp-content\/uploads\/2024\/08\/INDESIT-BURO-TIPI-MINI-BUZDOLABI-2-300x225.png 300w, https:\/\/ikincielbuzdolabi.ucuzspotcu.com\/satis\/wp-content\/uploads\/2024\/08\/INDESIT-BURO-TIPI-MINI-BUZDOLABI-2-768x576.png 768w, https:\/\/ikincielbuzdolabi.ucuzspotcu.com\/satis\/wp-content\/uploads\/2024\/08\/INDESIT-BURO-TIPI-MINI-BUZDOLABI-2-160x120.png 160w, https:\/\/ikincielbuzdolabi.ucuzspotcu.com\/satis\/wp-content\/uploads\/2024\/08\/INDESIT-BURO-TIPI-MINI-BUZDOLABI-2-600x450.png 600w\" sizes=\"auto, (max-width: 774px) 100vw, 774px\" \/><\/p>\n","protected":false},"excerpt":{"rendered":"<p>INDESIT BURO TIPI Kullan\u0131ma Haz\u0131r Indesit Mini buzdolab\u0131 \u0130\u00e7 derinli\u011fi toplamda 59,5 cm boyutundad\u0131r ve b\u00fcro, otel, ofis ve evlerde rahatl\u0131kla kullan\u0131labilir. Indesit TFAA 1 TK A+ 108 lt Statik B\u00fcro Tipi Mini Buzdolab\u0131 De\u011ferlendirmeleri Kullan\u0131ma Haz\u0131r Indesit Mini buzdolab\u0131. CALISIR TEMIZ MINI BUZDOLABI  B\u00fcro tipi buzdolab\u0131 modelleri, \u00e7e\u015fitli \u00f6zelliklere ve tasar\u0131mlara sahip farkl\u0131 modeller i\u00e7ermektedir.<\/p>\n","protected":false},"featured_media":500,"template":"","meta":[],"product_brand":[],"product_cat":[30],"product_tag":[35],"class_list":{"0":"post-499","1":"product","2":"type-product","3":"status-publish","4":"has-post-thumbnail","6":"product_cat-ikinci-el-beyaz-esya","7":"product_tag-ikinci-el-buro-tipi-buzdolabi","9":"first","10":"instock","11":"sale","12":"shipping-taxable","13":"purchasable","14":"product-type-simple"},"_links":{"self":[{"href":"https:\/\/ikincielbuzdolabi.ucuzspotcu.com\/satis\/wp-json\/wp\/v2\/product\/499","targetHints":{"allow":["GET"]}}],"collection":[{"href":"https:\/\/ikincielbuzdolabi.ucuzspotcu.com\/satis\/wp-json\/wp\/v2\/product"}],"about":[{"href":"https:\/\/ikincielbuzdolabi.ucuzspotcu.com\/satis\/wp-json\/wp\/v2\/types\/product"}],"wp:featuredmedia":[{"embeddable":true,"href":"https:\/\/ikincielbuzdolabi.ucuzspotcu.com\/satis\/wp-json\/wp\/v2\/media\/500"}],"wp:attachment":[{"href":"https:\/\/ikincielbuzdolabi.ucuzspotcu.com\/satis\/wp-json\/wp\/v2\/media?parent=499"}],"wp:term":[{"taxonomy":"product_brand","embeddable":true,"href":"https:\/\/ikincielbuzdolabi.ucuzspotcu.com\/satis\/wp-json\/wp\/v2\/product_brand?post=499"},{"taxonomy":"product_cat","embeddable":true,"href":"https:\/\/ikincielbuzdolabi.ucuzspotcu.com\/satis\/wp-json\/wp\/v2\/product_cat?post=499"},{"taxonomy":"product_tag","embeddable":true,"href":"https:\/\/ikincielbuzdolabi.ucuzspotcu.com\/satis\/wp-json\/wp\/v2\/product_tag?post=499"}],"curies":[{"name":"wp","href":"https:\/\/api.w.org\/{rel}","templated":true}]}}