{"id":546,"date":"2025-04-14T17:55:00","date_gmt":"2025-04-14T14:55:00","guid":{"rendered":"https:\/\/ikincielbuzdolabi.ucuzspotcu.com\/satis\/?post_type=product&#038;p=546"},"modified":"2025-04-14T17:55:00","modified_gmt":"2025-04-14T14:55:00","slug":"eskimis-yada-bozuk-cikma-buzdolabi-motorlarinin-gerekli-bakim-ve-revizyonunu-yapiyor","status":"publish","type":"product","link":"https:\/\/ikincielbuzdolabi.ucuzspotcu.com\/satis\/urun\/eskimis-yada-bozuk-cikma-buzdolabi-motorlarinin-gerekli-bakim-ve-revizyonunu-yapiyor\/","title":{"rendered":"eskimi\u015f yada bozuk \u00e7\u0131kma buzdolab\u0131 motorlar\u0131n\u0131n gerekli bak\u0131m ve revizyonunu yap\u0131yor"},"content":{"rendered":"<p><img loading=\"lazy\" decoding=\"async\" src=\"https:\/\/ikincielbuzdolabi.ucuzspotcu.com\/satis\/wp-content\/uploads\/2025\/04\/eskimis-yada-bozuk-buzdolabi-motorlarinin-1.png\" alt=\"\" width=\"799\" height=\"608\" class=\"aligncenter size-full wp-image-547\" title=\"\" srcset=\"https:\/\/ikincielbuzdolabi.ucuzspotcu.com\/satis\/wp-content\/uploads\/2025\/04\/eskimis-yada-bozuk-buzdolabi-motorlarinin-1.png 799w, https:\/\/ikincielbuzdolabi.ucuzspotcu.com\/satis\/wp-content\/uploads\/2025\/04\/eskimis-yada-bozuk-buzdolabi-motorlarinin-1-300x228.png 300w, https:\/\/ikincielbuzdolabi.ucuzspotcu.com\/satis\/wp-content\/uploads\/2025\/04\/eskimis-yada-bozuk-buzdolabi-motorlarinin-1-768x584.png 768w, https:\/\/ikincielbuzdolabi.ucuzspotcu.com\/satis\/wp-content\/uploads\/2025\/04\/eskimis-yada-bozuk-buzdolabi-motorlarinin-1-600x457.png 600w\" sizes=\"auto, (max-width: 799px) 100vw, 799px\" \/><\/p>\n<p><img loading=\"lazy\" decoding=\"async\" src=\"https:\/\/ikincielbuzdolabi.ucuzspotcu.com\/satis\/wp-content\/uploads\/2025\/04\/eskimis-yada-bozuk-buzdolabi-motorlarinin-2.png\" alt=\"\" width=\"736\" height=\"613\" class=\"aligncenter size-full wp-image-548\" title=\"\" srcset=\"https:\/\/ikincielbuzdolabi.ucuzspotcu.com\/satis\/wp-content\/uploads\/2025\/04\/eskimis-yada-bozuk-buzdolabi-motorlarinin-2.png 736w, https:\/\/ikincielbuzdolabi.ucuzspotcu.com\/satis\/wp-content\/uploads\/2025\/04\/eskimis-yada-bozuk-buzdolabi-motorlarinin-2-300x250.png 300w, https:\/\/ikincielbuzdolabi.ucuzspotcu.com\/satis\/wp-content\/uploads\/2025\/04\/eskimis-yada-bozuk-buzdolabi-motorlarinin-2-600x500.png 600w\" sizes=\"auto, (max-width: 736px) 100vw, 736px\" \/><\/p>\n","protected":false},"excerpt":{"rendered":"<p>eskimi\u015f yada bozuk buzdolab\u0131 motorlar\u0131n\u0131n gerekli bak\u0131m ve revizyonunu yap\u0131yor Eski tip buzdolab\u0131m \u00e7al\u0131\u015fm\u0131yor, motoru \u00e7ok s\u0131cak. Ne yapmal\u0131<br \/>\nHurda buzdolab\u0131 motoru Fiyatlar\u0131<br \/>\nEski Buzdolab\u0131 hurda fiyat\u0131<br \/>\nLetgo da 2 El buzdolab\u0131 motoru<br \/>\nEn iyi buzdolab\u0131 motoru hangisi<br \/>\nProfilo Buzdolab\u0131 aniden ar\u0131zaland\u0131 Motor s\u0131k\u0131\u015fmas\u0131 sorunu <\/p>\n","protected":false},"featured_media":548,"template":"","meta":[],"product_brand":[],"product_cat":[15],"product_tag":[39],"class_list":{"0":"post-546","1":"product","2":"type-product","3":"status-publish","4":"has-post-thumbnail","6":"product_cat-ikinci-el-esya","7":"product_tag-ikinci-el-buzdolabi-motoru","9":"first","10":"instock","11":"sale","12":"shipping-taxable","13":"purchasable","14":"product-type-simple"},"_links":{"self":[{"href":"https:\/\/ikincielbuzdolabi.ucuzspotcu.com\/satis\/wp-json\/wp\/v2\/product\/546","targetHints":{"allow":["GET"]}}],"collection":[{"href":"https:\/\/ikincielbuzdolabi.ucuzspotcu.com\/satis\/wp-json\/wp\/v2\/product"}],"about":[{"href":"https:\/\/ikincielbuzdolabi.ucuzspotcu.com\/satis\/wp-json\/wp\/v2\/types\/product"}],"wp:featuredmedia":[{"embeddable":true,"href":"https:\/\/ikincielbuzdolabi.ucuzspotcu.com\/satis\/wp-json\/wp\/v2\/media\/548"}],"wp:attachment":[{"href":"https:\/\/ikincielbuzdolabi.ucuzspotcu.com\/satis\/wp-json\/wp\/v2\/media?parent=546"}],"wp:term":[{"taxonomy":"product_brand","embeddable":true,"href":"https:\/\/ikincielbuzdolabi.ucuzspotcu.com\/satis\/wp-json\/wp\/v2\/product_brand?post=546"},{"taxonomy":"product_cat","embeddable":true,"href":"https:\/\/ikincielbuzdolabi.ucuzspotcu.com\/satis\/wp-json\/wp\/v2\/product_cat?post=546"},{"taxonomy":"product_tag","embeddable":true,"href":"https:\/\/ikincielbuzdolabi.ucuzspotcu.com\/satis\/wp-json\/wp\/v2\/product_tag?post=546"}],"curies":[{"name":"wp","href":"https:\/\/api.w.org\/{rel}","templated":true}]}}