{"id":557,"date":"2025-12-08T15:39:39","date_gmt":"2025-12-08T12:39:39","guid":{"rendered":"https:\/\/ikincielbuzdolabi.ucuzspotcu.com\/satis\/?post_type=product&#038;p=557"},"modified":"2025-12-08T15:39:39","modified_gmt":"2025-12-08T12:39:39","slug":"spot-black-decker-arac-buzdolabi-saglam-ucuz-dolap","status":"publish","type":"product","link":"https:\/\/ikincielbuzdolabi.ucuzspotcu.com\/satis\/urun\/spot-black-decker-arac-buzdolabi-saglam-ucuz-dolap\/","title":{"rendered":"Spot black decker ara\u00e7 buzdolab\u0131 sa\u011flam ucuz dolap"},"content":{"rendered":"<p><img loading=\"lazy\" decoding=\"async\" src=\"https:\/\/ikincielbuzdolabi.ucuzspotcu.com\/satis\/wp-content\/uploads\/2025\/12\/Spot-black-decker-arac-buzdolabi-2.png\" alt=\"\" width=\"1189\" height=\"919\" class=\"aligncenter size-full wp-image-561\" title=\"\" srcset=\"https:\/\/ikincielbuzdolabi.ucuzspotcu.com\/satis\/wp-content\/uploads\/2025\/12\/Spot-black-decker-arac-buzdolabi-2.png 1189w, https:\/\/ikincielbuzdolabi.ucuzspotcu.com\/satis\/wp-content\/uploads\/2025\/12\/Spot-black-decker-arac-buzdolabi-2-300x232.png 300w, https:\/\/ikincielbuzdolabi.ucuzspotcu.com\/satis\/wp-content\/uploads\/2025\/12\/Spot-black-decker-arac-buzdolabi-2-1024x791.png 1024w, https:\/\/ikincielbuzdolabi.ucuzspotcu.com\/satis\/wp-content\/uploads\/2025\/12\/Spot-black-decker-arac-buzdolabi-2-768x594.png 768w, https:\/\/ikincielbuzdolabi.ucuzspotcu.com\/satis\/wp-content\/uploads\/2025\/12\/Spot-black-decker-arac-buzdolabi-2-600x464.png 600w\" sizes=\"auto, (max-width: 1189px) 100vw, 1189px\" \/><\/p>\n","protected":false},"excerpt":{"rendered":"<p>Black &#038; Decker BDV212F Oto Buzdolab\u0131 \u00fcr\u00fcn\u00fcn\u00fcn 1 farkl\u0131 ma\u011faza i\u00e7erisinden en ucuz teklifi 19900.00&#8217;dir. Black &#038; Decker BDV212F Oto Buzdolab\u0131 \u00fcr\u00fcn\u00fcn\u00fcn son Black&#038;Decker Black &#038; Decker Bdv212f Oto Buzdolab\u0131 \u00d6zellikleri. Volt. 12 V \u00b7 Buzdolab\u0131 Tipi. Kompres\u00f6rl\u00fc. Garanti S\u00fcresi<\/p>\n","protected":false},"featured_media":558,"template":"","meta":[],"product_brand":[],"product_cat":[30],"product_tag":[42,38],"class_list":{"0":"post-557","1":"product","2":"type-product","3":"status-publish","4":"has-post-thumbnail","6":"product_cat-ikinci-el-beyaz-esya","7":"product_tag-ikinci-el-arac-buzdolabi","8":"product_tag-spot-buzdolabi","10":"first","11":"instock","12":"sale","13":"shipping-taxable","14":"purchasable","15":"product-type-simple"},"_links":{"self":[{"href":"https:\/\/ikincielbuzdolabi.ucuzspotcu.com\/satis\/wp-json\/wp\/v2\/product\/557","targetHints":{"allow":["GET"]}}],"collection":[{"href":"https:\/\/ikincielbuzdolabi.ucuzspotcu.com\/satis\/wp-json\/wp\/v2\/product"}],"about":[{"href":"https:\/\/ikincielbuzdolabi.ucuzspotcu.com\/satis\/wp-json\/wp\/v2\/types\/product"}],"wp:featuredmedia":[{"embeddable":true,"href":"https:\/\/ikincielbuzdolabi.ucuzspotcu.com\/satis\/wp-json\/wp\/v2\/media\/558"}],"wp:attachment":[{"href":"https:\/\/ikincielbuzdolabi.ucuzspotcu.com\/satis\/wp-json\/wp\/v2\/media?parent=557"}],"wp:term":[{"taxonomy":"product_brand","embeddable":true,"href":"https:\/\/ikincielbuzdolabi.ucuzspotcu.com\/satis\/wp-json\/wp\/v2\/product_brand?post=557"},{"taxonomy":"product_cat","embeddable":true,"href":"https:\/\/ikincielbuzdolabi.ucuzspotcu.com\/satis\/wp-json\/wp\/v2\/product_cat?post=557"},{"taxonomy":"product_tag","embeddable":true,"href":"https:\/\/ikincielbuzdolabi.ucuzspotcu.com\/satis\/wp-json\/wp\/v2\/product_tag?post=557"}],"curies":[{"name":"wp","href":"https:\/\/api.w.org\/{rel}","templated":true}]}}