{"id":562,"date":"2025-12-15T15:21:08","date_gmt":"2025-12-15T12:21:08","guid":{"rendered":"https:\/\/ikincielbuzdolabi.ucuzspotcu.com\/satis\/?post_type=product&#038;p=562"},"modified":"2025-12-15T15:21:08","modified_gmt":"2025-12-15T12:21:08","slug":"cikma-ikinci-el-mini-buzdolabi-sicaklik-gostergeli-hem-sicak-hem-soguk","status":"publish","type":"product","link":"https:\/\/ikincielbuzdolabi.ucuzspotcu.com\/satis\/urun\/cikma-ikinci-el-mini-buzdolabi-sicaklik-gostergeli-hem-sicak-hem-soguk\/","title":{"rendered":"\u00c7\u0131kma ikinci el mini buzdolab\u0131 s\u0131cakl\u0131k g\u00f6stergeli. hem s\u0131cak hem so\u011fuk"},"content":{"rendered":"<p><img loading=\"lazy\" decoding=\"async\" src=\"https:\/\/ikincielbuzdolabi.ucuzspotcu.com\/satis\/wp-content\/uploads\/2025\/12\/Cikma-ikinci-el-mini-buzdolabi-2.png\" alt=\"\" width=\"1057\" height=\"933\" class=\"aligncenter size-full wp-image-565\" title=\"\" srcset=\"https:\/\/ikincielbuzdolabi.ucuzspotcu.com\/satis\/wp-content\/uploads\/2025\/12\/Cikma-ikinci-el-mini-buzdolabi-2.png 1057w, https:\/\/ikincielbuzdolabi.ucuzspotcu.com\/satis\/wp-content\/uploads\/2025\/12\/Cikma-ikinci-el-mini-buzdolabi-2-300x265.png 300w, https:\/\/ikincielbuzdolabi.ucuzspotcu.com\/satis\/wp-content\/uploads\/2025\/12\/Cikma-ikinci-el-mini-buzdolabi-2-1024x904.png 1024w, https:\/\/ikincielbuzdolabi.ucuzspotcu.com\/satis\/wp-content\/uploads\/2025\/12\/Cikma-ikinci-el-mini-buzdolabi-2-768x678.png 768w, https:\/\/ikincielbuzdolabi.ucuzspotcu.com\/satis\/wp-content\/uploads\/2025\/12\/Cikma-ikinci-el-mini-buzdolabi-2-600x530.png 600w\" sizes=\"auto, (max-width: 1057px) 100vw, 1057px\" \/><\/p>\n<p>resimlerde g\u00f6r\u00fcld\u00fc\u011f\u00fc gibidir. s\u0131cakl\u0131k g\u00f6stergeli. hem s\u0131cak hem so\u011fuk.so\u011fukta  cihaz\u0131n i\u00e7indeki al\u00fcminyum plaka ter yap\u0131yor. bu y\u00fczden fiyat\u0131 uygun tuttum. <\/p>\n","protected":false},"excerpt":{"rendered":"<p>Buzdolab\u0131 Modelleri, ikinci el ve s\u0131f\u0131r se\u00e7enekleri 2.EL OTEL T\u0130P\u0130 AMONYAKLI 40LT M\u0130N\u0130BAR M\u0130N\u0130 BUZDOLABI. 2.750 TL ve b\u00fct\u00e7enize uygun fiyat alternatifleriyle ikinci el Kleo mini buzdolab\u0131 tam size g\u00f6re! K\u00fc\u00e7\u00fck boyutlar\u0131 sayesinde tezg\u00e2h alt\u0131 (setalt\u0131) kullan\u0131ma son derece uygundur.<\/p>\n","protected":false},"featured_media":563,"template":"","meta":[],"product_brand":[],"product_cat":[15],"product_tag":[35,37],"class_list":{"0":"post-562","1":"product","2":"type-product","3":"status-publish","4":"has-post-thumbnail","6":"product_cat-ikinci-el-esya","7":"product_tag-ikinci-el-buro-tipi-buzdolabi","8":"product_tag-ikinci-el-buzdolabi","10":"first","11":"instock","12":"sale","13":"shipping-taxable","14":"purchasable","15":"product-type-simple"},"_links":{"self":[{"href":"https:\/\/ikincielbuzdolabi.ucuzspotcu.com\/satis\/wp-json\/wp\/v2\/product\/562","targetHints":{"allow":["GET"]}}],"collection":[{"href":"https:\/\/ikincielbuzdolabi.ucuzspotcu.com\/satis\/wp-json\/wp\/v2\/product"}],"about":[{"href":"https:\/\/ikincielbuzdolabi.ucuzspotcu.com\/satis\/wp-json\/wp\/v2\/types\/product"}],"wp:featuredmedia":[{"embeddable":true,"href":"https:\/\/ikincielbuzdolabi.ucuzspotcu.com\/satis\/wp-json\/wp\/v2\/media\/563"}],"wp:attachment":[{"href":"https:\/\/ikincielbuzdolabi.ucuzspotcu.com\/satis\/wp-json\/wp\/v2\/media?parent=562"}],"wp:term":[{"taxonomy":"product_brand","embeddable":true,"href":"https:\/\/ikincielbuzdolabi.ucuzspotcu.com\/satis\/wp-json\/wp\/v2\/product_brand?post=562"},{"taxonomy":"product_cat","embeddable":true,"href":"https:\/\/ikincielbuzdolabi.ucuzspotcu.com\/satis\/wp-json\/wp\/v2\/product_cat?post=562"},{"taxonomy":"product_tag","embeddable":true,"href":"https:\/\/ikincielbuzdolabi.ucuzspotcu.com\/satis\/wp-json\/wp\/v2\/product_tag?post=562"}],"curies":[{"name":"wp","href":"https:\/\/api.w.org\/{rel}","templated":true}]}}